{"id":768,"date":"2020-08-03T09:03:42","date_gmt":"2020-08-03T09:03:42","guid":{"rendered":"http:\/\/barcelonamoments.com\/?page_id=768"},"modified":"2020-08-26T07:47:58","modified_gmt":"2020-08-26T07:47:58","slug":"sobre-mi","status":"publish","type":"page","link":"https:\/\/barcelonamoments.com\/ca\/sobre-mi\/","title":{"rendered":"Sobre mi"},"content":{"rendered":"<div class=\"wpb-content-wrapper\"><p>[vc_row css_animation=&#8221;&#8221; row_type=&#8221;row&#8221; use_row_as_full_screen_section=&#8221;no&#8221; type=&#8221;grid&#8221; angled_section=&#8221;no&#8221; text_align=&#8221;left&#8221; background_image_as_pattern=&#8221;without_pattern&#8221; z_index=&#8221;&#8221;][vc_column][vc_empty_space height=&#8221;92px&#8221;][\/vc_column][\/vc_row][vc_row css_animation=&#8221;&#8221; row_type=&#8221;row&#8221; use_row_as_full_screen_section=&#8221;no&#8221; type=&#8221;grid&#8221; angled_section=&#8221;no&#8221; text_align=&#8221;left&#8221; background_image_as_pattern=&#8221;without_pattern&#8221; z_index=&#8221;&#8221;][vc_column width=&#8221;2\/3&#8243;][vc_column_text]<\/p>\n<h2><strong>HOLA<\/strong>!<\/h2>\n<p>&nbsp;<\/p>\n<p>El meu nom \u00e9s\u00a0<strong>Meritxell<\/strong>, vaig n\u00e9ixer i vaig cr\u00e9ixer a Barcelona i em vaig llicenciar en Turisme el 1991. S\u00f3c una enamorada de la meva ciutat i una apassionada dels viatges.<\/p>\n<p>&nbsp;<\/p>\n<p>Des de petita vaig viatjar per tot Europa amb els meus pares, ells van ser els que van despertar el meu inter\u00e8s per les diferents cultures, lleng\u00fces, paisatges arquitectura, art. Als 12 anys ja volia ser guia de turisme i ho vaig aconseguir! Vaig comen\u00e7ar treballant com a guia acompanyant per Espanya i Europa i vaig viatjar durant anys fins que vaig formar una fam\u00edlia.\u00a0Aquest va ser el moment per retrobar el meu lloc i tornar a la meva estimada Barcelona.<\/p>\n<p>&nbsp;<\/p>\n<p>Des de 2003 em dedico \u00fanicament a ensenyar aquesta meravellosa terra, Catalunya i la seva capital Barcelona.\u00a0Ser guia no \u00e9s el meu hobby, \u00e9s la meva professi\u00f3 i la meva vida.<\/p>\n<p>&nbsp;<\/p>\n<p>Organitzo tota mena de tours: hist\u00f2rics, museus, gastron\u00f2mics&#8230; treballo per a tot tipus de grups: privats, creueristes, fam\u00edlies, estudiants, congressistes&#8230; S\u00e9 que cada grup t\u00e9 una necessitat diferent, per aix\u00f2 m&#8217;adapto i faig tamb\u00e9 tours a la carta. Treballo en diversos idiomes: catal\u00e0 (la meva llengua materna), castell\u00e0, angl\u00e8s i franc\u00e8s.[\/vc_column_text][vc_empty_space][vc_column_text]<\/p>\n<h4><strong>Espero veure&#8217;ls aviat per Barcelona!<\/strong><\/h4>\n<h4><strong>Deix<\/strong><strong>a&#8217;t guiar per Barcelona Moments!!<\/strong><\/h4>\n<p>[\/vc_column_text][\/vc_column][vc_column width=&#8221;1\/3&#8243;][vc_single_image image=&#8221;411&#8243; img_size=&#8221;full&#8221; alignment=&#8221;center&#8221; qode_css_animation=&#8221;&#8221;][\/vc_column][\/vc_row][vc_row css_animation=&#8221;&#8221; row_type=&#8221;row&#8221; use_row_as_full_screen_section=&#8221;no&#8221; type=&#8221;grid&#8221; angled_section=&#8221;no&#8221; text_align=&#8221;left&#8221; background_image_as_pattern=&#8221;without_pattern&#8221; z_index=&#8221;&#8221;][vc_column][vc_empty_space height=&#8221;92px&#8221;][\/vc_column][\/vc_row]<\/p>\n<\/div>","protected":false},"excerpt":{"rendered":"<p>[vc_row css_animation=&#8221;&#8221; row_type=&#8221;row&#8221; use_row_as_full_screen_section=&#8221;no&#8221; type=&#8221;grid&#8221; angled_section=&#8221;no&#8221; text_align=&#8221;left&#8221; background_image_as_pattern=&#8221;without_pattern&#8221; z_index=&#8221;&#8221;][vc_column][vc_empty_space height=&#8221;92px&#8221;][\/vc_column][\/vc_row][vc_row css_animation=&#8221;&#8221; row_type=&#8221;row&#8221; use_row_as_full_screen_section=&#8221;no&#8221; type=&#8221;grid&#8221; angled_section=&#8221;no&#8221; text_align=&#8221;left&#8221; background_image_as_pattern=&#8221;without_pattern&#8221; z_index=&#8221;&#8221;][vc_column width=&#8221;2\/3&#8243;][vc_column_text] HOLA! &nbsp; El meu nom \u00e9s\u00a0Meritxell, vaig n\u00e9ixer i vaig cr\u00e9ixer a Barcelona i em vaig llicenciar en Turisme el 1991. S\u00f3c una enamorada de la&#8230;<\/p>\n","protected":false},"author":1,"featured_media":0,"parent":0,"menu_order":0,"comment_status":"closed","ping_status":"closed","template":"full_width.php","meta":{"footnotes":""},"class_list":["post-768","page","type-page","status-publish","hentry"],"_links":{"self":[{"href":"https:\/\/barcelonamoments.com\/ca\/wp-json\/wp\/v2\/pages\/768","targetHints":{"allow":["GET"]}}],"collection":[{"href":"https:\/\/barcelonamoments.com\/ca\/wp-json\/wp\/v2\/pages"}],"about":[{"href":"https:\/\/barcelonamoments.com\/ca\/wp-json\/wp\/v2\/types\/page"}],"author":[{"embeddable":true,"href":"https:\/\/barcelonamoments.com\/ca\/wp-json\/wp\/v2\/users\/1"}],"replies":[{"embeddable":true,"href":"https:\/\/barcelonamoments.com\/ca\/wp-json\/wp\/v2\/comments?post=768"}],"version-history":[{"count":8,"href":"https:\/\/barcelonamoments.com\/ca\/wp-json\/wp\/v2\/pages\/768\/revisions"}],"predecessor-version":[{"id":1272,"href":"https:\/\/barcelonamoments.com\/ca\/wp-json\/wp\/v2\/pages\/768\/revisions\/1272"}],"wp:attachment":[{"href":"https:\/\/barcelonamoments.com\/ca\/wp-json\/wp\/v2\/media?parent=768"}],"curies":[{"name":"wp","href":"https:\/\/api.w.org\/{rel}","templated":true}]}}