{"id":779,"date":"2020-08-03T09:09:07","date_gmt":"2020-08-03T09:09:07","guid":{"rendered":"http:\/\/barcelonamoments.com\/?page_id=779"},"modified":"2020-08-27T08:30:33","modified_gmt":"2020-08-27T08:30:33","slug":"politica-de-privacitat","status":"publish","type":"page","link":"https:\/\/barcelonamoments.com\/ca\/politica-de-privacitat\/","title":{"rendered":"Pol\u00edtica de privacitat"},"content":{"rendered":"<div class=\"wpb-content-wrapper\"><p>[vc_row css_animation=&#8221;&#8221; row_type=&#8221;row&#8221; use_row_as_full_screen_section=&#8221;no&#8221; type=&#8221;full_width&#8221; angled_section=&#8221;no&#8221; text_align=&#8221;left&#8221; background_image_as_pattern=&#8221;without_pattern&#8221;][vc_column][vc_column_text]<\/p>\n<h3>I. POL\u00cdTICA DE PRIVACITAT<\/h3>\n<p>En compliment del REGLAMENT (UE) 2016\/679 DEL PARLAMENT EUROPEU I DEL CONSELL de 27 d&#8217;Abril de 2016, relatiu a la protecci\u00f3 de les persones f\u00edsiques pel que fa al tractament de dades personals i a la lliure circulaci\u00f3 d&#8217;aquestes dades i a Llei org\u00e0nica 3\/2018, de 5 de desembre, de Protecci\u00f3 de Dades Personals i garantia dels drets digitals, se l&#8217;informa que les dades personals proporcionades per vost\u00e8 a trav\u00e9s del lloc web barcelonamoments.com (d&#8217;ara endavant el lloc web), seran tractats en els seg\u00fcents termes:<\/p>\n<p>&nbsp;<\/p>\n<p><strong>Responsable del tractament<\/strong><br \/>\nLes dades personals recaptades a trav\u00e9s d&#8217;aquest lloc web seran tractats per Meritxell Vicente Casanovas amb domicili per a l&#8217;exercici de drets en C\/ Verge de Montserrat 68, 08880 Cubelles (Barcelona). Email: <a href=\"mailto:hola@barcelonamoments.com\">hola@barcelonamoments.com<\/a><\/p>\n<p>&nbsp;<\/p>\n<p><strong>Finalitats del tractament<\/strong><\/p>\n<p>Informar-lo sobre els nostres productes i serveis, quan aix\u00ed ho sol\u00b7liciti a trav\u00e9s dels formularis del lloc web o per correu electr\u00f2nic.<br \/>\nDonar contestaci\u00f3 i gestionar les seves consultes, comentaris i suggeriments, en el seu cas.<br \/>\nGestionar la seva reserva, en cas que la realitzi a trav\u00e9s del lloc web.<br \/>\nAmb la finalitat d&#8217;obtenir informaci\u00f3 de l&#8217;\u00fas del lloc web, s&#8217;analitzen el nombre de p\u00e0gines visitades, el nombre de visites, aix\u00ed com l&#8217;activitat dels visitants i la seva freq\u00fc\u00e8ncia d&#8217;utilitzaci\u00f3. A aquest efecte, el RESPONSABLE utilitza informaci\u00f3 estad\u00edstica elaborada pel Prove\u00efdor de Serveis d&#8217;Internet que no permet identificar a l&#8217;interessat en cap moment.<\/p>\n<p>&nbsp;<\/p>\n<p><strong>Legitimaci\u00f3<\/strong><br \/>\nConsentiment. Les dades personals obtingudes a trav\u00e9s dels formularis del lloc web seran tractats \u00fanicament sobre la base del consentiment atorgat per l&#8217;interessat, a trav\u00e9s de l&#8217;acceptaci\u00f3 de la casella disposada per a tal fi. Aquest consentiment pot ser retirat en qualsevol moment. Inter\u00e8s leg\u00edtim del responsable. La informaci\u00f3 estad\u00edstica obtinguda del lloc web ser\u00e0 tractada sobre la base de l&#8217;inter\u00e8s leg\u00edtim del responsable. Aquesta informaci\u00f3 no permet identificar a l&#8217;usuari.<\/p>\n<p>Execuci\u00f3 d&#8217;un contracte..<\/p>\n<p>&nbsp;<\/p>\n<p><strong>Destinataris<\/strong><br \/>\nLes dades personals obtingudes a trav\u00e9s del lloc web podran ser comunicats a l&#8217;entitat financera corresponent quan sigui necessari per a gestionar el pagament de les reserves.<\/p>\n<p>&nbsp;<\/p>\n<p><strong>Conservaci\u00f3<\/strong><br \/>\nLes dades personals facilitades per l&#8217;usuari per a rebre comunicacions comercials, seran conservats mentre l&#8217;interessat no sol\u00b7liciti la seva supressi\u00f3 o retiri el seu consentiment.<\/p>\n<p>Quan l&#8217;usuari envi\u00ef les seves dades per a contactar amb el RESPONSABLE, realitzar consultes o suggeriments, les dades es conservaran mentre sigui necessari per a tal fi i puguin derivar-se responsabilitats del tractament. Dades de tr\u00e0nsit, estad\u00edstics i visites web: les dades seran conservades durant el termini de tres anys.<\/p>\n<p>&nbsp;<\/p>\n<p><strong>Drets<\/strong><br \/>\nPot exercir els seus drets d&#8217;acc\u00e9s, rectificaci\u00f3, supressi\u00f3 i portabilitat de les seves dades, de limitaci\u00f3 i oposici\u00f3 a Meritxell Vicente Casanovas, mitjan\u00e7ant escrit acompanyat de document oficial que li identifiqui dirigit a . Email: <a href=\"mailto:hola@barcelonamoments.com\">hola@barcelonamoments.com<\/a>. En cas de disconformitat amb el tractament, tamb\u00e9 t\u00e9 dret a presentar una reclamaci\u00f3 davant l&#8217;Ag\u00e8ncia Espanyola de Protecci\u00f3 de Dades (<a href=\"http:\/\/www.aepd.es\">www.aepd.es<\/a>).<\/p>\n<p>&nbsp;<\/p>\n<p><strong>Pol\u00edtica de protecci\u00f3 de menors<\/strong><br \/>\nQui facilita les dades a trav\u00e9s dels formularis d&#8217;aquesta Web i accepta el seu tractament declara formalment ser major de 18 anys.<\/p>\n<p>Queda prohibit l&#8217;acc\u00e9s i \u00fas del portal als menors de 18 anys d&#8217;edat.<\/p>\n<p>&nbsp;<\/p>\n<p><strong>El RESPONSABLE<\/strong> recorda a les persones majors d&#8217;edat que tinguin al seu c\u00e0rrec menors, que ser\u00e0 de la seva exclusiva responsabilitat si algun menor incorpora les seves dades per a sol\u00b7licitar alguna visita<\/p>\n<p>Tamb\u00e9 els informa que existeixen programes inform\u00e0tics per a delimitar la navegaci\u00f3 mitjan\u00e7ant el filtre o bloqueig a determinats continguts.<\/p>\n<p>&nbsp;<\/p>\n<p><strong>Tractament derivat de l&#8217;\u00fas de les xarxes socials<\/strong><br \/>\nEn seguir el nostre perfil en les xarxes socials consent expressament el tractament de les seves dades personals conforme a la pol\u00edtica de privacitat de la corresponent xarxa social. Igualment, consent expressament l&#8217;acc\u00e9s del RESPONSABLE al tractament de les seves dades contingudes en el seu perfil i que les not\u00edcies publicades sobre qualsevol producte del RESPONSABLE apareguin en el seu mur. La seva petici\u00f3 per a connectar, implica necess\u00e0riament el seu consentiment per als tractaments assenyalats, sent aquesta la base legal del tractament. Les dades es conservaran mentre l&#8217;interessat no sol\u00b7liciti la seva oposici\u00f3 o retiri el seu consentiment, podent retirar est en qualsevol moment.<\/p>\n<p>La publicaci\u00f3 de comentaris i continguts en les xarxes socials es convertiran en informaci\u00f3 p\u00fablica, per la qual cosa els usuaris hauran de tenir especial cautela quan decideixin compartir la seva informaci\u00f3 personal. El RESPONSABLE no es fa responsable per la informaci\u00f3 que els usuaris incorporin en la p\u00e0gina. No obstant aix\u00f2, les persones les dades personals de les quals es trobin publicats o estiguin inclosos en comentaris, podran sol\u00b7licitar al RESPONSABLE la cancel\u00b7laci\u00f3 d&#8217;aquests.<\/p>\n<p>&nbsp;<\/p>\n<h3>II. AV\u00cdS LEGAL<\/h3>\n<p>&nbsp;<\/p>\n<p><strong>Identificaci\u00f3<\/strong><br \/>\nEn compliment amb el deure d&#8217;informaci\u00f3 recollit en article 10 de la Llei 34\/2002, d&#8217;11 de juliol, de Serveis de la Societat de la Informaci\u00f3 i del Comer\u00e7 Electr\u00f2nic, Meritxell Vicente Casanovas, l&#8217;informa que les dades aqu\u00ed consignades corresponen a l&#8217;entitat titular del lloc web barcelonamoments.com<br \/>\n<strong>Denominaci\u00f3:<\/strong> Barcelona Moments<br \/>\n<strong>Tel\u00e8fon:<\/strong> 609 76 35 49<br \/>\n<strong>Email:<\/strong> <a href=\"mailto:hola@barcelonamoments.com\">hola@barcelonamoments.com<\/a><br \/>\n<strong>CIF:<\/strong> 46052075A<br \/>\n<strong>N\u00famero de Registre de turismo de Catalunya:<\/strong> GT-672<\/p>\n<p>&nbsp;<\/p>\n<p><strong>Propietat intel\u00b7lectual i industrial<\/strong><br \/>\nTots els drets de Propietat Industrial i Intel\u2022lectual de la totalitat d&#8217;elements continguts en aquest lloc web, incloses les marques comercials, formats, dissenys gr\u00e0fics, textos, imatges i documents, pertanyen a Barcelona Moments i es troben protegits per les lleis espanyoles i internacionals sobre propietat Intel\u2022lectual i Industrial.<\/p>\n<p>Queda expressament prohibida la reproducci\u00f3 total o parcial d&#8217;aquest lloc web i de qualsevol dels seus continguts sense el perm\u00eds expr\u00e9s i per escrit de Barcelona Moments.<\/p>\n<p>L&#8217;acc\u00e9s al lloc web no implica cap mena de ren\u00fancia, transmissi\u00f3, llic\u00e8ncia o cessi\u00f3 d&#8217;aquests drets per part de Barcelona Moments, tret que s&#8217;estableixi expressament el contrari.<\/p>\n<p>&nbsp;<\/p>\n<p><strong>Condicions d&#8217;\u00fas<\/strong><br \/>\nL&#8217;acc\u00e9s a aquest lloc web implica l&#8217;acceptaci\u00f3 d&#8217;aquestes condicions d&#8217;\u00fas sense reserves que regulen l&#8217;acc\u00e9s i la utilitzaci\u00f3 del mateix amb la finalitat de posar a la disposici\u00f3 dels usuaris informaci\u00f3 sobre els nostres productes. Es prohibeix expressament la utilitzaci\u00f3 dels continguts d&#8217;aquest lloc web per a la seva utilitzaci\u00f3 amb finalitats comercials o per a Barcelona Moments.<\/p>\n<p><strong>Barcelona Moments la seva distribuci\u00f3, transformaci\u00f3 o comunicaci\u00f3.<\/strong><\/p>\n<p>Meritxell Vicente Casanovas, no respondr\u00e0 de cap conseq\u00fc\u00e8ncia, mal o perjudici que poguessin derivar-se d&#8217;aquesta utilitzaci\u00f3 o \u00fas de la informaci\u00f3.<\/p>\n<p>&nbsp;<\/p>\n<p>Tant l&#8217;acc\u00e9s a aquesta Web com l&#8217;\u00fas que pugui fer-se de la informaci\u00f3 continguda en la mateixa \u00e9s de l&#8217;exclusiva responsabilitat de qui el realitza.<\/p>\n<p>&nbsp;<\/p>\n<p>L&#8217;usuari s&#8217;obliga a no utilitzar la informaci\u00f3 que es publica en aquesta Web amb finalitats o efectes il\u2022l\u00edcits o lesius, a no danyar o inutilitzar la informaci\u00f3 i a no realitzar qualsevol altra acci\u00f3 que puguin ser contr\u00e0ria al contingut d&#8217;aquest Av\u00eds Legal.<\/p>\n<p>Barcelona Moments. no pot assegurar la inexist\u00e8ncia d&#8217;interrupcions o errors en l&#8217;acc\u00e9s a aquest lloc web, encara que posar\u00e0 els seus majors esfor\u00e7os per a evitar-los.<\/p>\n<p>&nbsp;<\/p>\n<p><strong>Enlla\u00e7os a altres webs<\/strong><br \/>\nEls enlla\u00e7os (links) que pot trobar en aquesta Web s\u00f3n un servei als usuaris. Aquestes p\u00e0gines no s\u00f3n operades ni controlades per Barcelona Moments, per aix\u00f2, no es fa responsable dels continguts d&#8217;aquests llocs web ni estan cobertes pel present Av\u00eds Legal. Si accedeix a aquestes p\u00e0gines Webs haur\u00e0 de tenir en compte que les seves pol\u00edtiques de privacitat poden ser diferents a la nostra.<\/p>\n<p>&nbsp;<\/p>\n<p><strong>Legislaci\u00f3 aplicable i compet\u00e8ncia jurisdiccional<\/strong><br \/>\nEl present Av\u00eds Legal es regeix per la normativa espanyola vigent que li \u00e9s aplicable.<\/p>\n<p>&nbsp;<\/p>\n<p>Per a la resoluci\u00f3 de les controv\u00e8rsies que poguessin derivar-se a conseq\u00fc\u00e8ncia del que es disposa en les presents disposicions i sobre la seva interpretaci\u00f3, aplicaci\u00f3 i compliment, l&#8217;usuari, en virtut de l&#8217;acceptaci\u00f3 de les condicions recollides en aquest Av\u00eds legal, ren\u00fancia expressament a qualsevol altre fur que pogu\u00e9s correspondre-li.<\/p>\n<p>&nbsp;<\/p>\n<p>En qualsevol cas, dins de la jurisdicci\u00f3 espanyola, si la legislaci\u00f3 permet\u00e9s sotmetre&#8217;s a un fur en concret, l&#8217;usuari renuncia expressament al fur que pogu\u00e9s correspondre-li i se sotmet volunt\u00e0riament a la jurisdicci\u00f3 dels Jutjats i Tribunals de BARCELONA.[\/vc_column_text][vc_empty_space height=&#8221;62px&#8221;][\/vc_column][\/vc_row]<\/p>\n<\/div>","protected":false},"excerpt":{"rendered":"<p>[vc_row css_animation=&#8221;&#8221; row_type=&#8221;row&#8221; use_row_as_full_screen_section=&#8221;no&#8221; type=&#8221;full_width&#8221; angled_section=&#8221;no&#8221; text_align=&#8221;left&#8221; background_image_as_pattern=&#8221;without_pattern&#8221;][vc_column][vc_column_text] I. POL\u00cdTICA DE PRIVACITAT En compliment del REGLAMENT (UE) 2016\/679 DEL PARLAMENT EUROPEU I DEL CONSELL de 27 d&#8217;Abril de 2016, relatiu a la protecci\u00f3 de les persones f\u00edsiques pel que fa al tractament de dades personals&#8230;<\/p>\n","protected":false},"author":1,"featured_media":0,"parent":0,"menu_order":0,"comment_status":"closed","ping_status":"closed","template":"","meta":{"footnotes":""},"class_list":["post-779","page","type-page","status-publish","hentry"],"_links":{"self":[{"href":"https:\/\/barcelonamoments.com\/ca\/wp-json\/wp\/v2\/pages\/779","targetHints":{"allow":["GET"]}}],"collection":[{"href":"https:\/\/barcelonamoments.com\/ca\/wp-json\/wp\/v2\/pages"}],"about":[{"href":"https:\/\/barcelonamoments.com\/ca\/wp-json\/wp\/v2\/types\/page"}],"author":[{"embeddable":true,"href":"https:\/\/barcelonamoments.com\/ca\/wp-json\/wp\/v2\/users\/1"}],"replies":[{"embeddable":true,"href":"https:\/\/barcelonamoments.com\/ca\/wp-json\/wp\/v2\/comments?post=779"}],"version-history":[{"count":8,"href":"https:\/\/barcelonamoments.com\/ca\/wp-json\/wp\/v2\/pages\/779\/revisions"}],"predecessor-version":[{"id":1290,"href":"https:\/\/barcelonamoments.com\/ca\/wp-json\/wp\/v2\/pages\/779\/revisions\/1290"}],"wp:attachment":[{"href":"https:\/\/barcelonamoments.com\/ca\/wp-json\/wp\/v2\/media?parent=779"}],"curies":[{"name":"wp","href":"https:\/\/api.w.org\/{rel}","templated":true}]}}