{"id":789,"date":"2020-08-03T09:12:38","date_gmt":"2020-08-03T09:12:38","guid":{"rendered":"http:\/\/barcelonamoments.com\/?page_id=789"},"modified":"2020-08-04T08:15:25","modified_gmt":"2020-08-04T08:15:25","slug":"contacte","status":"publish","type":"page","link":"https:\/\/barcelonamoments.com\/ca\/contacte\/","title":{"rendered":"Contacte"},"content":{"rendered":"<div class=\"wpb-content-wrapper\"><p>[vc_row css_animation=&#8221;&#8221; row_type=&#8221;row&#8221; use_row_as_full_screen_section=&#8221;no&#8221; type=&#8221;grid&#8221; angled_section=&#8221;no&#8221; text_align=&#8221;left&#8221; background_image_as_pattern=&#8221;without_pattern&#8221; css=&#8221;.vc_custom_1595929594886{padding-top: 7.2% !important;}&#8221; z_index=&#8221;&#8221;][vc_column][vc_row_inner row_type=&#8221;row&#8221; type=&#8221;full_width&#8221; text_align=&#8221;left&#8221; css_animation=&#8221;&#8221;][vc_column_inner width=&#8221;1\/6&#8243;][\/vc_column_inner][vc_column_inner width=&#8221;2\/3&#8243;][vc_column_text]<\/p>\n<h3 style=\"text-align: center;\">\u00bfTens algun dubte?, Necessites un tour fet a la teva mida?<\/h3>\n<h4 style=\"text-align: center;\">Escriu-nos i explica&#8217;ns que necessites, Barcelona Moments est\u00e0 encantat d&#8217;ajudar-te.<\/h4>\n<p>[\/vc_column_text][vc_empty_space height=&#8221;40px&#8221;]\n<div class=\"wpcf7 no-js\" id=\"wpcf7-f883-o1\" lang=\"es-ES\" dir=\"ltr\" data-wpcf7-id=\"883\">\n<div class=\"screen-reader-response\"><p role=\"status\" aria-live=\"polite\" aria-atomic=\"true\"><\/p> <ul><\/ul><\/div>\n<form action=\"\/ca\/wp-json\/wp\/v2\/pages\/789#wpcf7-f883-o1\" method=\"post\" class=\"wpcf7-form init cf7_custom_style_1\" aria-label=\"Formulario de contacto\" novalidate=\"novalidate\" data-status=\"init\">\n<fieldset class=\"hidden-fields-container\"><input type=\"hidden\" name=\"_wpcf7\" value=\"883\" \/><input type=\"hidden\" name=\"_wpcf7_version\" value=\"6.1.5\" \/><input type=\"hidden\" name=\"_wpcf7_locale\" value=\"es_ES\" \/><input type=\"hidden\" name=\"_wpcf7_unit_tag\" value=\"wpcf7-f883-o1\" \/><input type=\"hidden\" name=\"_wpcf7_container_post\" value=\"0\" \/><input type=\"hidden\" name=\"_wpcf7_posted_data_hash\" value=\"\" \/>\n<\/fieldset>\n<p><label> NOM * <span class=\"wpcf7-form-control-wrap\" data-name=\"your-name\"><input size=\"40\" maxlength=\"400\" class=\"wpcf7-form-control wpcf7-text wpcf7-validates-as-required\" aria-required=\"true\" aria-invalid=\"false\" value=\"\" type=\"text\" name=\"your-name\" \/><\/span> <\/label>\n<\/p>\n<p><label> EMAIL * <span class=\"wpcf7-form-control-wrap\" data-name=\"your-email\"><input size=\"40\" maxlength=\"400\" class=\"wpcf7-form-control wpcf7-email wpcf7-validates-as-required wpcf7-text wpcf7-validates-as-email\" aria-required=\"true\" aria-invalid=\"false\" value=\"\" type=\"email\" name=\"your-email\" \/><\/span> <\/label>\n<\/p>\n<p><label> TOUR *<br \/>\n<span class=\"wpcf7-form-control-wrap\" data-name=\"menu-763\"><select class=\"wpcf7-form-control wpcf7-select wpcf7-validates-as-required\" aria-required=\"true\" aria-invalid=\"false\" name=\"menu-763\"><option value=\"\">&#8212;Por favor, elige una opci\u00f3n&#8212;<\/option><option value=\"MONTSERRAT\">MONTSERRAT<\/option><option value=\"SITGES\">SITGES<\/option><option value=\"COLONIA G\u00dcELL\">COLONIA G\u00dcELL<\/option><option value=\"CELLERS I CAVES\">CELLERS I CAVES<\/option><option value=\"COSTA BRAVA\">COSTA BRAVA<\/option><option value=\"MUSEU DAL\u00cd I GIRONA\">MUSEU DAL\u00cd I GIRONA<\/option><option value=\"TOUR PANOR\u00c0MIC\">TOUR PANOR\u00c0MIC<\/option><option value=\"TOUR GAUD\u00cd\">TOUR GAUD\u00cd<\/option><option value=\"SAGRADA FAMILIA Tour privat sense cues\">SAGRADA FAMILIA Tour privat sense cues<\/option><option value=\"BARCELONA MEDIEVAL\">BARCELONA MEDIEVAL<\/option><option value=\"MUSEU PICASSO I EL BORN\">MUSEU PICASSO I EL BORN<\/option><option value=\"MERCATS\">MERCATS<\/option><option value=\"TOUR MODERNISTA A LA CARTA\">TOUR MODERNISTA A LA CARTA<\/option><option value=\"TOURS A MIDA\">TOURS A MIDA<\/option><option value=\"GAUDI AMB NENS\">GAUDI AMB NENS<\/option><option value=\"MERCAT DE LA BOQUERIA I MUSEU DE LES IL\u00b7LUSIONS\">MERCAT DE LA BOQUERIA I MUSEU DE LES IL\u00b7LUSIONS<\/option><option value=\"MUSEU DE LA XOCOLATA I PARC DE LA CIUTADELLA\">MUSEU DE LA XOCOLATA I PARC DE LA CIUTADELLA<\/option><option value=\"BUSCANT ELS DRACS DE BARCELONA\">BUSCANT ELS DRACS DE BARCELONA<\/option><option value=\"REGALA MOMENTS\">REGALA MOMENTS<\/option><\/select><\/span><\/label>\n<\/p>\n<p><label> N\u00ba PERSONES *<span class=\"wpcf7-form-control-wrap\" data-name=\"number-567\"><input class=\"wpcf7-form-control wpcf7-number wpcf7-validates-as-required wpcf7-validates-as-number\" min=\"1\" max=\"50\" aria-required=\"true\" aria-invalid=\"false\" value=\"1\" type=\"number\" name=\"number-567\" \/><\/span><\/label>\n<\/p>\n<p><label> IDIOMA * <span class=\"wpcf7-form-control-wrap\" data-name=\"menu-316\"><select class=\"wpcf7-form-control wpcf7-select wpcf7-validates-as-required\" aria-required=\"true\" aria-invalid=\"false\" name=\"menu-316\"><option value=\"\">&#8212;Por favor, elige una opci\u00f3n&#8212;<\/option><option value=\"ESPA\u00d1OL\">ESPA\u00d1OL<\/option><option value=\"CATAL\u00c0\">CATAL\u00c0<\/option><option value=\"ENGLISH\">ENGLISH<\/option><\/select><\/span><\/label>\n<\/p>\n<p><label> EL SEU HOTEL DURANT LA SEVA ESTADA <span class=\"wpcf7-form-control-wrap\" data-name=\"your-subject\"><input size=\"40\" maxlength=\"400\" class=\"wpcf7-form-control wpcf7-text\" aria-invalid=\"false\" value=\"\" type=\"text\" name=\"your-subject\" \/><\/span> <\/label>\n<\/p>\n<p><label> MISSATGE <span class=\"wpcf7-form-control-wrap\" data-name=\"your-message\"><textarea cols=\"40\" rows=\"10\" maxlength=\"2000\" class=\"wpcf7-form-control wpcf7-textarea\" aria-invalid=\"false\" name=\"your-message\"><\/textarea><\/span> <\/label><br \/>\n<span class=\"wpcf7-form-control-wrap\" data-name=\"acceptance-483\"><span class=\"wpcf7-form-control wpcf7-acceptance\"><span class=\"wpcf7-list-item\"><input type=\"checkbox\" name=\"acceptance-483\" value=\"1\" aria-invalid=\"false\" \/><\/span><\/span><\/span> Consento el tractament de les meves dades. BARCELONA MOMENTS tractar\u00e0 les seves dades per tal de respondre les seves consultes, dubtes o reclamacions. Pot exercir els drets d'acc\u00e9s, rectificaci\u00f3, supressi\u00f3, portabilitat, limitaci\u00f3 i oposici\u00f3, tal com li vam informar en la nostra <a style=\"color:#00c4cc;\" href=\"\/ca\/politica-de-privacitat\/\" target=\"_blank\" rel=\"politica privacidad\">pol\u00edtica de privacitat <\/a> i <a style=\"color:#00c4cc;\" href=\"\/ca\/condicions-de-reserva-i-cancelacio\/\" target=\"_blank\" rel=\"Condicions \">condicions de reserva i cancel\u00b7laci\u00f3 <\/a>\n<\/p>\n<p><input class=\"wpcf7-form-control wpcf7-submit has-spinner\" type=\"submit\" value=\"Enviar\" \/>\n<\/p><div class=\"wpcf7-response-output\" aria-hidden=\"true\"><\/div>\n<\/form>\n<\/div>\n[\/vc_column_inner][vc_column_inner width=&#8221;1\/6&#8243;][\/vc_column_inner][\/vc_row_inner][vc_empty_space height=&#8221;30px&#8221;][\/vc_column][\/vc_row][vc_row css_animation=&#8221;&#8221; row_type=&#8221;row&#8221; use_row_as_full_screen_section=&#8221;no&#8221; type=&#8221;grid&#8221; angled_section=&#8221;no&#8221; text_align=&#8221;left&#8221; background_image_as_pattern=&#8221;without_pattern&#8221; z_index=&#8221;&#8221;][vc_column width=&#8221;1\/4&#8243;][\/vc_column][vc_column width=&#8221;1\/2&#8243;][vc_empty_space height=&#8221;30px&#8221;][vc_raw_html]JTNDZGl2JTIwaWQlM0QlMjJwYXlwYWwtYnV0dG9uLWNvbnRhaW5lciUyMiUzRSUzQyUyRmRpdiUzRSUyMCUzQ3NjcmlwdCUyMHNyYyUzRCUyMmh0dHBzJTNBJTJGJTJGd3d3LnBheXBhbC5jb20lMkZzZGslMkZqcyUzRmNsaWVudC1pZCUzREFlb1BNbEVNb29zajk4QU40UTJ2cDZHc0F0Y1luSUZxLWVhc3hmSjhybUhsT3hBeXB0QnRRdk5jcklzNm5BT0VIdXBuNk5MNHMybDR2M2xLJTI2Y3VycmVuY3klM0RFVVIlMjIlMjBkYXRhLXNkay1pbnRlZ3JhdGlvbi1zb3VyY2UlM0QlMjJidXR0b24tZmFjdG9yeSUyMiUzRSUzQyUyRnNjcmlwdCUzRSUyMCUzQ3NjcmlwdCUzRSUyMHBheXBhbC5CdXR0b25zJTI4JTdCJTIwc3R5bGUlM0ElMjAlN0IlMjBzaGFwZSUzQSUyMCUyN3BpbGwlMjclMkMlMjBjb2xvciUzQSUyMCUyN2JsdWUlMjclMkMlMjBsYXlvdXQlM0ElMjAlMjdob3Jpem9udGFsJTI3JTJDJTIwbGFiZWwlM0ElMjAlMjdwYXlwYWwlMjclMkMlMjAlN0QlMkMlMjBjcmVhdGVPcmRlciUzQSUyMGZ1bmN0aW9uJTI4ZGF0YSUyQyUyMGFjdGlvbnMlMjklMjAlN0IlMjByZXR1cm4lMjBhY3Rpb25zLm9yZGVyLmNyZWF0ZSUyOCU3QiUyMHB1cmNoYXNlX3VuaXRzJTNBJTIwJTVCJTdCJTIwYW1vdW50JTNBJTIwJTdCJTIwdmFsdWUlM0ElMjAlMjcxJTI3JTIwJTdEJTIwJTdEJTVEJTIwJTdEJTI5JTNCJTIwJTdEJTJDJTIwb25BcHByb3ZlJTNBJTIwZnVuY3Rpb24lMjhkYXRhJTJDJTIwYWN0aW9ucyUyOSUyMCU3QiUyMHJldHVybiUyMGFjdGlvbnMub3JkZXIuY2FwdHVyZSUyOCUyOS50aGVuJTI4ZnVuY3Rpb24lMjhkZXRhaWxzJTI5JTIwJTdCJTIwYWxlcnQlMjglMjdUcmFuc2FjdGlvbiUyMGNvbXBsZXRlZCUyMGJ5JTIwJTI3JTIwJTJCJTIwZGV0YWlscy5wYXllci5uYW1lLmdpdmVuX25hbWUlMjAlMkIlMjAlMjclMjElMjclMjklM0IlMjAlN0QlMjklM0IlMjAlN0QlMjAlN0QlMjkucmVuZGVyJTI4JTI3JTIzcGF5cGFsLWJ1dHRvbi1jb250YWluZXIlMjclMjklM0IlMjAlM0MlMkZzY3JpcHQlM0UlMEE=[\/vc_raw_html][vc_empty_space height=&#8221;70px&#8221;][\/vc_column][vc_column width=&#8221;1\/4&#8243;][\/vc_column][\/vc_row]<\/p>\n<\/div>","protected":false},"excerpt":{"rendered":"<p>[vc_row css_animation=&#8221;&#8221; row_type=&#8221;row&#8221; use_row_as_full_screen_section=&#8221;no&#8221; type=&#8221;grid&#8221; angled_section=&#8221;no&#8221; text_align=&#8221;left&#8221; background_image_as_pattern=&#8221;without_pattern&#8221; css=&#8221;.vc_custom_1595929594886{padding-top: 7.2% !important;}&#8221; z_index=&#8221;&#8221;][vc_column][vc_row_inner row_type=&#8221;row&#8221; type=&#8221;full_width&#8221; text_align=&#8221;left&#8221; css_animation=&#8221;&#8221;][vc_column_inner width=&#8221;1\/6&#8243;][\/vc_column_inner][vc_column_inner width=&#8221;2\/3&#8243;][vc_column_text] \u00bfTens algun dubte?, Necessites un tour fet a la teva mida? Escriu-nos i explica&#8217;ns que necessites, Barcelona Moments est\u00e0 encantat d&#8217;ajudar-te. [\/vc_column_text][vc_empty_space height=&#8221;40px&#8221;][\/vc_column_inner][vc_column_inner width=&#8221;1\/6&#8243;][\/vc_column_inner][\/vc_row_inner][vc_empty_space height=&#8221;30px&#8221;][\/vc_column][\/vc_row][vc_row css_animation=&#8221;&#8221; row_type=&#8221;row&#8221;&#8230;<\/p>\n","protected":false},"author":1,"featured_media":0,"parent":0,"menu_order":0,"comment_status":"closed","ping_status":"closed","template":"full_width.php","meta":{"footnotes":""},"class_list":["post-789","page","type-page","status-publish","hentry"],"_links":{"self":[{"href":"https:\/\/barcelonamoments.com\/ca\/wp-json\/wp\/v2\/pages\/789","targetHints":{"allow":["GET"]}}],"collection":[{"href":"https:\/\/barcelonamoments.com\/ca\/wp-json\/wp\/v2\/pages"}],"about":[{"href":"https:\/\/barcelonamoments.com\/ca\/wp-json\/wp\/v2\/types\/page"}],"author":[{"embeddable":true,"href":"https:\/\/barcelonamoments.com\/ca\/wp-json\/wp\/v2\/users\/1"}],"replies":[{"embeddable":true,"href":"https:\/\/barcelonamoments.com\/ca\/wp-json\/wp\/v2\/comments?post=789"}],"version-history":[{"count":4,"href":"https:\/\/barcelonamoments.com\/ca\/wp-json\/wp\/v2\/pages\/789\/revisions"}],"predecessor-version":[{"id":884,"href":"https:\/\/barcelonamoments.com\/ca\/wp-json\/wp\/v2\/pages\/789\/revisions\/884"}],"wp:attachment":[{"href":"https:\/\/barcelonamoments.com\/ca\/wp-json\/wp\/v2\/media?parent=789"}],"curies":[{"name":"wp","href":"https:\/\/api.w.org\/{rel}","templated":true}]}}