{"id":797,"date":"2020-08-03T09:15:59","date_gmt":"2020-08-03T09:15:59","guid":{"rendered":"http:\/\/barcelonamoments.com\/?page_id=797"},"modified":"2020-08-26T08:00:57","modified_gmt":"2020-08-26T08:00:57","slug":"moments-amb-nens","status":"publish","type":"page","link":"https:\/\/barcelonamoments.com\/ca\/moments-amb-nens\/","title":{"rendered":"Moments amb nens"},"content":{"rendered":"<div class=\"wpb-content-wrapper\"><p>[vc_row css_animation=&#8221;&#8221; row_type=&#8221;row&#8221; use_row_as_full_screen_section=&#8221;no&#8221; type=&#8221;grid&#8221; angled_section=&#8221;no&#8221; text_align=&#8221;left&#8221; background_image_as_pattern=&#8221;without_pattern&#8221; css=&#8221;.vc_custom_1594892719404{padding-top: 7.3% !important;padding-bottom: 6.4% !important;}&#8221; z_index=&#8221;&#8221;][vc_column][vc_column_text]<\/p>\n<h2>Es pot viatjar amb nens?<\/h2>\n<p>&nbsp;<\/p>\n<h4>I tant! Nom\u00e9s calen ganes. Viatjar amb nens arreu del m\u00f3n, a ciutats diferents, visitar museus, parcs , tastar nous menjars entre moltes altres coses \u00e9s una experi\u00e8ncia tamb\u00e9 \u00fanica i gratificant per a ells.<\/h4>\n<p>&nbsp;<\/p>\n<p>Si sou apassionats dels viatges no deixeu de viatjar quan formeu una familia. El viatjar \u00e9s per totes les edats, nom\u00e9s cal canviar el ritme del viatge.<\/p>\n<p>&nbsp;<\/p>\n<p>Nosaltres ho vam tenir molt clar quan vam formar la nostra fam\u00edlia. Hem viatjat amb els nostres fills molt a prop i molt lluny\u00a0 i ara la nostra\u00a0 passi\u00f3 \u00e9s ja compartida.<\/p>\n<p>&nbsp;<\/p>\n<p>De les meves experi\u00e8ncies amb ells vull crear aquest petit projecte que anir\u00e9 ampliant a poc a poc. Moments amb Nens us presenta algunes visites per fer a la ciutat , per\u00f2 cada nen \u00e9s \u00fanic i t\u00e9 necessitats i interessos diferents. Si veniu a Barcelona en fam\u00edlia i voleu alguna cosa especial per fer amb ells no dubteu en consultar-me i junts podem dissenyar la millor ruta amb i per ells.[\/vc_column_text][vc_empty_space height=&#8221;52px&#8221;]<div class='projects_holder_outer v3 portfolio_with_space portfolio_with_hover_text'>\n        <div class='projects_holder portfolio_main_holder clearfix v3  hover_text portfolio_landscape_image '>\n        \n        <article class='mix portfolio_category_45 default' style=''>\n    \n    \n    \n                <div class='image_holder'>\n                <a itemprop='url' class='portfolio_link_for_touch' href='https:\/\/barcelonamoments.com\/ca\/portfolio_page\/els-dracs-de-barcelona\/' target='_self'>\n                    \n<span class='image'><img loading=\"lazy\" decoding=\"async\" width=\"800\" height=\"600\" src=\"https:\/\/barcelonamoments.com\/wp-content\/uploads\/2020\/07\/1-INICIO-7-800x600.jpg\" class=\"attachment-portfolio-landscape size-portfolio-landscape wp-post-image\" alt=\"\" \/><\/span>                <\/a>\n\n                <span class='text_holder'>\n    <span class='text_outer'>\n        <span class='text_inner'>\n            <div class=\"hover_feature_holder_title\">\n                <div class=\"hover_feature_holder_title_inner\">\n                    \n                        \n    <h5 itemprop=\"name\" class=\"portfolio_title entry_title\"><a itemprop=\"url\" href=\"https:\/\/barcelonamoments.com\/ca\/portfolio_page\/els-dracs-de-barcelona\/\" style=\"color: #ffffff\" target=\"_self\"> ELS DRACS DE BARCELONA<\/a><\/h5>\n\n\n                        \n                            <span class=\"project_category\" style=\"color: #ffffff\" >\n    Moments amb nens    <\/span>\n\n                                    <\/div>\n            <\/div>\n\n            \n        <\/span>\n    <\/span>\n<\/span>\n            <\/div>\n                    \n    \n<\/article>\n<article class='mix portfolio_category_45 default' style=''>\n    \n    \n    \n                <div class='image_holder'>\n                <a itemprop='url' class='portfolio_link_for_touch' href='https:\/\/barcelonamoments.com\/ca\/portfolio_page\/museu-de-la-xocolata-i-parc-de-la-ciutadella\/' target='_self'>\n                    \n<span class='image'><img loading=\"lazy\" decoding=\"async\" width=\"800\" height=\"600\" src=\"https:\/\/barcelonamoments.com\/wp-content\/uploads\/2020\/07\/ciutadella-INICIO-800x600.jpg\" class=\"attachment-portfolio-landscape size-portfolio-landscape wp-post-image\" alt=\"\" \/><\/span>                <\/a>\n\n                <span class='text_holder'>\n    <span class='text_outer'>\n        <span class='text_inner'>\n            <div class=\"hover_feature_holder_title\">\n                <div class=\"hover_feature_holder_title_inner\">\n                    \n                        \n    <h5 itemprop=\"name\" class=\"portfolio_title entry_title\"><a itemprop=\"url\" href=\"https:\/\/barcelonamoments.com\/ca\/portfolio_page\/museu-de-la-xocolata-i-parc-de-la-ciutadella\/\" style=\"color: #ffffff\" target=\"_self\"> MUSEU DE LA XOCOLATA I PARC DE LA CIUTADELLA<\/a><\/h5>\n\n\n                        \n                            <span class=\"project_category\" style=\"color: #ffffff\" >\n    Moments amb nens    <\/span>\n\n                                    <\/div>\n            <\/div>\n\n            \n        <\/span>\n    <\/span>\n<\/span>\n            <\/div>\n                    \n    \n<\/article>\n<article class='mix portfolio_category_45 default' style=''>\n    \n    \n    \n                <div class='image_holder'>\n                <a itemprop='url' class='portfolio_link_for_touch' href='https:\/\/barcelonamoments.com\/ca\/portfolio_page\/museu-de-les-il-lusions-la-boqueria-i-la-rambla\/' target='_self'>\n                    \n<span class='image'><img loading=\"lazy\" decoding=\"async\" width=\"800\" height=\"598\" src=\"https:\/\/barcelonamoments.com\/wp-content\/uploads\/2020\/07\/1-INICIO-5-800x598.jpg\" class=\"attachment-portfolio-landscape size-portfolio-landscape wp-post-image\" alt=\"\" \/><\/span>                <\/a>\n\n                <span class='text_holder'>\n    <span class='text_outer'>\n        <span class='text_inner'>\n            <div class=\"hover_feature_holder_title\">\n                <div class=\"hover_feature_holder_title_inner\">\n                    \n                        \n    <h5 itemprop=\"name\" class=\"portfolio_title entry_title\"><a itemprop=\"url\" href=\"https:\/\/barcelonamoments.com\/ca\/portfolio_page\/museu-de-les-il-lusions-la-boqueria-i-la-rambla\/\" style=\"color: #ffffff\" target=\"_self\"> MUSEU DE LES IL.LUSIONS, LA BOQUERIA I LA RAMBLA<\/a><\/h5>\n\n\n                        \n                            <span class=\"project_category\" style=\"color: #ffffff\" >\n    Moments amb nens    <\/span>\n\n                                    <\/div>\n            <\/div>\n\n            \n        <\/span>\n    <\/span>\n<\/span>\n            <\/div>\n                    \n    \n<\/article>\n<article class='mix portfolio_category_45 default' style=''>\n    \n    \n    \n                <div class='image_holder'>\n                <a itemprop='url' class='portfolio_link_for_touch' href='https:\/\/barcelonamoments.com\/ca\/portfolio_page\/gaudi-amb-nens\/' target='_self'>\n                    \n<span class='image'><img loading=\"lazy\" decoding=\"async\" width=\"800\" height=\"600\" src=\"https:\/\/barcelonamoments.com\/wp-content\/uploads\/2020\/07\/1-INICIO-4-800x600.jpg\" class=\"attachment-portfolio-landscape size-portfolio-landscape wp-post-image\" alt=\"\" srcset=\"https:\/\/barcelonamoments.com\/wp-content\/uploads\/2020\/07\/1-INICIO-4-800x600.jpg 800w, https:\/\/barcelonamoments.com\/wp-content\/uploads\/2020\/07\/1-INICIO-4-300x225.jpg 300w, https:\/\/barcelonamoments.com\/wp-content\/uploads\/2020\/07\/1-INICIO-4-768x576.jpg 768w, https:\/\/barcelonamoments.com\/wp-content\/uploads\/2020\/07\/1-INICIO-4-700x525.jpg 700w, https:\/\/barcelonamoments.com\/wp-content\/uploads\/2020\/07\/1-INICIO-4.jpg 826w\" sizes=\"auto, (max-width: 800px) 100vw, 800px\" \/><\/span>                <\/a>\n\n                <span class='text_holder'>\n    <span class='text_outer'>\n        <span class='text_inner'>\n            <div class=\"hover_feature_holder_title\">\n                <div class=\"hover_feature_holder_title_inner\">\n                    \n                        \n    <h5 itemprop=\"name\" class=\"portfolio_title entry_title\"><a itemprop=\"url\" href=\"https:\/\/barcelonamoments.com\/ca\/portfolio_page\/gaudi-amb-nens\/\" style=\"color: #ffffff\" target=\"_self\"> Gaud\u00ed amb nens<\/a><\/h5>\n\n\n                        \n                            <span class=\"project_category\" style=\"color: #ffffff\" >\n    Moments amb nens    <\/span>\n\n                                    <\/div>\n            <\/div>\n\n            \n        <\/span>\n    <\/span>\n<\/span>\n            <\/div>\n                    \n    \n<\/article>\n<article class='mix portfolio_category_45 default' style=''>\n    \n    \n    \n                <div class='image_holder'>\n                <a itemprop='url' class='portfolio_link_for_touch' href='https:\/\/barcelonamoments.com\/ca\/portfolio_page\/proximament-mes-moments\/' target='_self'>\n                    \n<span class='image'><img loading=\"lazy\" decoding=\"async\" width=\"800\" height=\"600\" src=\"https:\/\/barcelonamoments.com\/wp-content\/uploads\/2020\/07\/proximamente-800x600.jpg\" class=\"attachment-portfolio-landscape size-portfolio-landscape wp-post-image\" alt=\"\" \/><\/span>                <\/a>\n\n                <span class='text_holder'>\n    <span class='text_outer'>\n        <span class='text_inner'>\n            <div class=\"hover_feature_holder_title\">\n                <div class=\"hover_feature_holder_title_inner\">\n                    \n                        \n    <h5 itemprop=\"name\" class=\"portfolio_title entry_title\"><a itemprop=\"url\" href=\"https:\/\/barcelonamoments.com\/ca\/portfolio_page\/proximament-mes-moments\/\" style=\"color: #ffffff\" target=\"_self\"> PR\u00d2XIMAMENT M\u00c9S MOMENTS<\/a><\/h5>\n\n\n                        \n                            <span class=\"project_category\" style=\"color: #ffffff\" >\n    Moments amb nens    <\/span>\n\n                                    <\/div>\n            <\/div>\n\n            \n        <\/span>\n    <\/span>\n<\/span>\n            <\/div>\n                    \n    \n<\/article>\n        <div class='filler'><\/div>\n            <div class='filler'><\/div>\n            <div class='filler'><\/div>\n        <\/div>\n\n    \n    <\/div>[\/vc_column][\/vc_row]<\/p>\n<\/div>","protected":false},"excerpt":{"rendered":"<p>[vc_row css_animation=&#8221;&#8221; row_type=&#8221;row&#8221; use_row_as_full_screen_section=&#8221;no&#8221; type=&#8221;grid&#8221; angled_section=&#8221;no&#8221; text_align=&#8221;left&#8221; background_image_as_pattern=&#8221;without_pattern&#8221; css=&#8221;.vc_custom_1594892719404{padding-top: 7.3% !important;padding-bottom: 6.4% !important;}&#8221; z_index=&#8221;&#8221;][vc_column][vc_column_text] Es pot viatjar amb nens? &nbsp; I tant! Nom\u00e9s calen ganes. Viatjar amb nens arreu del m\u00f3n, a ciutats diferents, visitar museus, parcs , tastar nous menjars entre moltes altres coses&#8230;<\/p>\n","protected":false},"author":1,"featured_media":0,"parent":0,"menu_order":0,"comment_status":"closed","ping_status":"closed","template":"full_width.php","meta":{"footnotes":""},"class_list":["post-797","page","type-page","status-publish","hentry"],"_links":{"self":[{"href":"https:\/\/barcelonamoments.com\/ca\/wp-json\/wp\/v2\/pages\/797","targetHints":{"allow":["GET"]}}],"collection":[{"href":"https:\/\/barcelonamoments.com\/ca\/wp-json\/wp\/v2\/pages"}],"about":[{"href":"https:\/\/barcelonamoments.com\/ca\/wp-json\/wp\/v2\/types\/page"}],"author":[{"embeddable":true,"href":"https:\/\/barcelonamoments.com\/ca\/wp-json\/wp\/v2\/users\/1"}],"replies":[{"embeddable":true,"href":"https:\/\/barcelonamoments.com\/ca\/wp-json\/wp\/v2\/comments?post=797"}],"version-history":[{"count":7,"href":"https:\/\/barcelonamoments.com\/ca\/wp-json\/wp\/v2\/pages\/797\/revisions"}],"predecessor-version":[{"id":1275,"href":"https:\/\/barcelonamoments.com\/ca\/wp-json\/wp\/v2\/pages\/797\/revisions\/1275"}],"wp:attachment":[{"href":"https:\/\/barcelonamoments.com\/ca\/wp-json\/wp\/v2\/media?parent=797"}],"curies":[{"name":"wp","href":"https:\/\/api.w.org\/{rel}","templated":true}]}}