{"id":822,"date":"2020-08-03T09:25:50","date_gmt":"2020-08-03T09:25:50","guid":{"rendered":"http:\/\/barcelonamoments.com\/?page_id=822"},"modified":"2020-08-26T07:46:57","modified_gmt":"2020-08-26T07:46:57","slug":"barcelona-moments","status":"publish","type":"page","link":"https:\/\/barcelonamoments.com\/ca\/","title":{"rendered":"Barcelona moments"},"content":{"rendered":"<div class=\"wpb-content-wrapper\"><p>[vc_row css_animation=&#8221;&#8221; row_type=&#8221;row&#8221; use_row_as_full_screen_section=&#8221;no&#8221; type=&#8221;grid&#8221; angled_section=&#8221;no&#8221; text_align=&#8221;center&#8221; background_image_as_pattern=&#8221;without_pattern&#8221; css=&#8221;.vc_custom_1469779561636{padding-top: 4.95% !important;padding-bottom: 4.8% !important;}&#8221;][vc_column][vc_column_text]<\/p>\n<h2 style=\"text-align: center;\">Barcelona Moments t&#8217;espera<\/h2>\n<p>[\/vc_column_text][\/vc_column][\/vc_row][vc_row css_animation=&#8221;&#8221; row_type=&#8221;row&#8221; use_row_as_full_screen_section=&#8221;no&#8221; type=&#8221;grid&#8221; angled_section=&#8221;no&#8221; text_align=&#8221;center&#8221; background_image_as_pattern=&#8221;without_pattern&#8221; css=&#8221;.vc_custom_1468850660138{padding-bottom: 4.9% !important;}&#8221;][vc_column offset=&#8221;vc_col-lg-4 vc_col-md-4&#8243;][vc_single_image image=&#8221;745&#8243; img_size=&#8221;full&#8221; qode_css_animation=&#8221;&#8221;][vc_empty_space height=&#8221;35px&#8221;][vc_column_text]<\/p>\n<h3>Sobre mi<\/h3>\n<p>[\/vc_column_text][vc_empty_space height=&#8221;12px&#8221;][vc_column_text]El meu nom \u00e9s\u00a0<strong>Meritxell<\/strong>, vaig n\u00e9ixer i cr\u00e9ixer a Barcelona i em vaig llicenciar en Turisme el 1991. S\u00f3c una enamorada de la meva ciutat i una apassionada dels viatges.[\/vc_column_text][vc_empty_space]<a  itemprop=\"url\" href=\"\/ca\/sobre-mi\/\" target=\"_self\" data-hover-background-color=\"#303030\" data-hover-border-color=\"#303030\" data-hover-color=\"#ffffff\" class=\"qbutton  small center default\" style=\"color: #ffffff; border-color: #00c4cc; font-style: normal; font-weight: 700; border-radius: 0px;-moz-border-radius: 0px;-webkit-border-radius: 0px; background-color:#00c4cc;\">Veure m\u00e9s<\/a>[vc_empty_space height=&#8221;40px&#8221;][\/vc_column][vc_column offset=&#8221;vc_col-lg-4 vc_col-md-4&#8243;][vc_single_image image=&#8221;752&#8243; img_size=&#8221;full&#8221; qode_css_animation=&#8221;&#8221;][vc_empty_space height=&#8221;35px&#8221;][vc_column_text]<\/p>\n<h3>Tours<\/h3>\n<p>[\/vc_column_text][vc_empty_space height=&#8221;12px&#8221;][vc_column_text]Moments per passejar, recordar, aprendre, gaudir, enamorar &#8230; Els nostres tours estan plens d&#8217;aquests moments.[\/vc_column_text][vc_empty_space]<a  itemprop=\"url\" href=\"\/ca\/tours\/\" target=\"_self\" data-hover-background-color=\"#303030\" data-hover-border-color=\"#303030\" data-hover-color=\"#ffffff\" class=\"qbutton  small center default\" style=\"color: #ffffff; border-color: #00c4cc; font-style: normal; font-weight: 700; border-radius: 0px;-moz-border-radius: 0px;-webkit-border-radius: 0px; background-color:#00c4cc;\">Veure m\u00e9s<\/a>[vc_empty_space height=&#8221;40px&#8221;][\/vc_column][vc_column offset=&#8221;vc_col-lg-4 vc_col-md-4&#8243;][vc_single_image image=&#8221;636&#8243; img_size=&#8221;890&#215;638&#8243; qode_css_animation=&#8221;&#8221;][vc_empty_space height=&#8221;35px&#8221;][vc_column_text]<\/p>\n<h3>Moments amb nens<\/h3>\n<p>[\/vc_column_text][vc_empty_space height=&#8221;12px&#8221;][vc_column_text]Si sou apassionats dels viatges no deixeu de viatjar quan formeu una familia. Viatjar \u00e9s per totes les edats, nom\u00e9s cal canviar el ritme del viatge.[\/vc_column_text][vc_empty_space]<a  itemprop=\"url\" href=\"\/ca\/momentos-amb-nens\/\" target=\"_self\" data-hover-background-color=\"#303030\" data-hover-border-color=\"#303030\" data-hover-color=\"#ffffff\" class=\"qbutton  small center default\" style=\"color: #ffffff; border-color: #00c4cc; font-style: normal; font-weight: 700; border-radius: 0px;-moz-border-radius: 0px;-webkit-border-radius: 0px; background-color:#00c4cc;\">Veure m\u00e9s<\/a>[vc_empty_space height=&#8221;40px&#8221;][\/vc_column][\/vc_row][vc_row css_animation=&#8221;&#8221; row_type=&#8221;row&#8221; use_row_as_full_screen_section=&#8221;no&#8221; type=&#8221;grid&#8221; angled_section=&#8221;no&#8221; text_align=&#8221;center&#8221; background_image_as_pattern=&#8221;without_pattern&#8221; css=&#8221;.vc_custom_1595932783647{padding-top: 6.5% !important;padding-bottom: 5.65% !important;background-image: url(http:\/\/barcelonamoments.com\/wp-content\/uploads\/2020\/07\/barcelona-moments-tours-1-1.jpg?id=755) !important;}&#8221; z_index=&#8221;&#8221;][vc_column][vc_column_text]<\/p>\n<h2><span style=\"color: #ffffff;\">Els millors moments<\/span><\/h2>\n<p>[\/vc_column_text][vc_empty_space height=&#8221;99px&#8221;][\/vc_column][vc_column width=&#8221;1\/2&#8243; offset=&#8221;vc_col-lg-3 vc_col-md-6&#8243;][vc_column_text]<\/p>\n<h3><span style=\"color: #ffffff;\">Visitar Ciutats<\/span><\/h3>\n<p>[\/vc_column_text][vc_empty_space height=&#8221;13px&#8221;][vc_column_text]<span style=\"color: #ffffff;\">Barcelona, Girona, Sitges&#8230;<br \/>\nacompanyat d&#8217;un guia oficial.<\/span>[\/vc_column_text][vc_empty_space height=&#8221;40px&#8221;][\/vc_column][vc_column width=&#8221;1\/2&#8243; offset=&#8221;vc_col-lg-3 vc_col-md-6&#8243;][vc_column_text]<\/p>\n<h3><span style=\"color: #ffffff;\">Visitar museus<\/span><\/h3>\n<p>[\/vc_column_text][vc_empty_space height=&#8221;13px&#8221;][vc_column_text]<span style=\"color: #ffffff;\">Museu Picasso, Museu Dal\u00ed,<br \/>\nFundaci\u00f3 Mir\u00f3&#8230;. <\/span>[\/vc_column_text][vc_empty_space height=&#8221;40px&#8221;][\/vc_column][vc_column width=&#8221;1\/2&#8243; offset=&#8221;vc_col-lg-3 vc_col-md-6&#8243;][vc_column_text]<\/p>\n<h3><span style=\"color: #ffffff;\">Nous sabors<\/span><\/h3>\n<p>[\/vc_column_text][vc_empty_space height=&#8221;13px&#8221;][vc_column_text]<span style=\"color: #ffffff;\">Tour gastron\u00f2mic per la Boqueria, Excursions a cellers i caves&#8230; <\/span>[\/vc_column_text][vc_empty_space height=&#8221;40px&#8221;][\/vc_column][vc_column width=&#8221;1\/2&#8243; offset=&#8221;vc_col-lg-3 vc_col-md-6&#8243;][vc_column_text]<\/p>\n<h3><span style=\"color: #ffffff;\">Moltes m\u00e9s coses <\/span><\/h3>\n<p>[\/vc_column_text][vc_empty_space height=&#8221;13px&#8221;][vc_column_text]<span style=\"color: #ffffff;\">Barcelona moments pot dissenyar un tour a la seva mida.<\/span>[\/vc_column_text][vc_empty_space height=&#8221;40px&#8221;][\/vc_column][\/vc_row][vc_row css_animation=&#8221;&#8221; row_type=&#8221;row&#8221; use_row_as_full_screen_section=&#8221;no&#8221; type=&#8221;grid&#8221; angled_section=&#8221;no&#8221; text_align=&#8221;center&#8221; background_image_as_pattern=&#8221;without_pattern&#8221; anchor=&#8221;sale&#8221; z_index=&#8221;&#8221;][vc_column][vc_empty_space height=&#8221;100px&#8221;][vc_column_text]<\/p>\n<h2 style=\"text-align: center;\">Els nostres tours<\/h2>\n<p>[\/vc_column_text][vc_empty_space height=&#8221;70px&#8221;][\/vc_column][\/vc_row][vc_row css_animation=&#8221;&#8221; row_type=&#8221;row&#8221; use_row_as_full_screen_section=&#8221;no&#8221; type=&#8221;grid&#8221; angled_section=&#8221;no&#8221; text_align=&#8221;center&#8221; background_image_as_pattern=&#8221;without_pattern&#8221; z_index=&#8221;&#8221;][vc_column]<div class='projects_holder_outer v3 portfolio_with_space portfolio_with_hover_text'>\n        <div class='projects_holder portfolio_main_holder clearfix v3  hover_text portfolio_landscape_image '>\n        \n        <article class='mix portfolio_category_43 default' style=''>\n    \n    \n    \n                <div class='image_holder'>\n                <a itemprop='url' class='portfolio_link_for_touch' href='https:\/\/barcelonamoments.com\/ca\/portfolio_page\/panoramic\/' target='_self'>\n                    \n<span class='image'><img loading=\"lazy\" decoding=\"async\" width=\"800\" height=\"600\" src=\"https:\/\/barcelonamoments.com\/wp-content\/uploads\/2020\/07\/1-INICIO-800x600.jpg\" class=\"attachment-portfolio-landscape size-portfolio-landscape wp-post-image\" alt=\"\" \/><\/span>                <\/a>\n\n                <span class='text_holder'>\n    <span class='text_outer'>\n        <span class='text_inner'>\n            <div class=\"hover_feature_holder_title\">\n                <div class=\"hover_feature_holder_title_inner\">\n                    \n                        \n    <h5 itemprop=\"name\" class=\"portfolio_title entry_title\"><a itemprop=\"url\" href=\"https:\/\/barcelonamoments.com\/ca\/portfolio_page\/panoramic\/\" style=\"color: #ffffff\" target=\"_self\"> PANOR\u00c0MIC<\/a><\/h5>\n\n\n                        \n                            <span class=\"project_category\"  >\n    Barcelona    <\/span>\n\n                                    <\/div>\n            <\/div>\n\n            \n        <\/span>\n    <\/span>\n<\/span>\n            <\/div>\n                    \n    \n<\/article>\n<article class='mix portfolio_category_43 default' style=''>\n    \n    \n    \n                <div class='image_holder'>\n                <a itemprop='url' class='portfolio_link_for_touch' href='https:\/\/barcelonamoments.com\/ca\/portfolio_page\/tour-gaudi\/' target='_self'>\n                    \n<span class='image'><img loading=\"lazy\" decoding=\"async\" width=\"800\" height=\"600\" src=\"https:\/\/barcelonamoments.com\/wp-content\/uploads\/2020\/07\/TOUR-GAUDI-INICIO-800x600.jpg\" class=\"attachment-portfolio-landscape size-portfolio-landscape wp-post-image\" alt=\"\" \/><\/span>                <\/a>\n\n                <span class='text_holder'>\n    <span class='text_outer'>\n        <span class='text_inner'>\n            <div class=\"hover_feature_holder_title\">\n                <div class=\"hover_feature_holder_title_inner\">\n                    \n                        \n    <h5 itemprop=\"name\" class=\"portfolio_title entry_title\"><a itemprop=\"url\" href=\"https:\/\/barcelonamoments.com\/ca\/portfolio_page\/tour-gaudi\/\" style=\"color: #ffffff\" target=\"_self\"> TOUR GAUD\u00cd<\/a><\/h5>\n\n\n                        \n                            <span class=\"project_category\"  >\n    Barcelona    <\/span>\n\n                                    <\/div>\n            <\/div>\n\n            \n        <\/span>\n    <\/span>\n<\/span>\n            <\/div>\n                    \n    \n<\/article>\n<article class='mix portfolio_category_43 default' style=''>\n    \n    \n    \n                <div class='image_holder'>\n                <a itemprop='url' class='portfolio_link_for_touch' href='https:\/\/barcelonamoments.com\/ca\/portfolio_page\/sagrada-familia-tour-privat-sense-cues\/' target='_self'>\n                    \n<span class='image'><img loading=\"lazy\" decoding=\"async\" width=\"800\" height=\"600\" src=\"https:\/\/barcelonamoments.com\/wp-content\/uploads\/2020\/07\/sagrada-familia-800x600.jpg\" class=\"attachment-portfolio-landscape size-portfolio-landscape wp-post-image\" alt=\"\" \/><\/span>                <\/a>\n\n                <span class='text_holder'>\n    <span class='text_outer'>\n        <span class='text_inner'>\n            <div class=\"hover_feature_holder_title\">\n                <div class=\"hover_feature_holder_title_inner\">\n                    \n                        \n    <h5 itemprop=\"name\" class=\"portfolio_title entry_title\"><a itemprop=\"url\" href=\"https:\/\/barcelonamoments.com\/ca\/portfolio_page\/sagrada-familia-tour-privat-sense-cues\/\" style=\"color: #ffffff\" target=\"_self\"> SAGRADA FAM\u00cdLIA Tour privat sense cues<\/a><\/h5>\n\n\n                        \n                            <span class=\"project_category\"  >\n    Barcelona    <\/span>\n\n                                    <\/div>\n            <\/div>\n\n            \n        <\/span>\n    <\/span>\n<\/span>\n            <\/div>\n                    \n    \n<\/article>\n<article class='mix portfolio_category_43 default' style=''>\n    \n    \n    \n                <div class='image_holder'>\n                <a itemprop='url' class='portfolio_link_for_touch' href='https:\/\/barcelonamoments.com\/ca\/portfolio_page\/barcelona-medieval\/' target='_self'>\n                    \n<span class='image'><img loading=\"lazy\" decoding=\"async\" width=\"800\" height=\"600\" src=\"https:\/\/barcelonamoments.com\/wp-content\/uploads\/2020\/08\/1-INICIO-800x600.jpg\" class=\"attachment-portfolio-landscape size-portfolio-landscape wp-post-image\" alt=\"\" \/><\/span>                <\/a>\n\n                <span class='text_holder'>\n    <span class='text_outer'>\n        <span class='text_inner'>\n            <div class=\"hover_feature_holder_title\">\n                <div class=\"hover_feature_holder_title_inner\">\n                    \n                        \n    <h5 itemprop=\"name\" class=\"portfolio_title entry_title\"><a itemprop=\"url\" href=\"https:\/\/barcelonamoments.com\/ca\/portfolio_page\/barcelona-medieval\/\" style=\"color: #ffffff\" target=\"_self\"> BARCELONA MEDIEVAL<\/a><\/h5>\n\n\n                        \n                            <span class=\"project_category\"  >\n    Barcelona    <\/span>\n\n                                    <\/div>\n            <\/div>\n\n            \n        <\/span>\n    <\/span>\n<\/span>\n            <\/div>\n                    \n    \n<\/article>\n<article class='mix portfolio_category_43 default' style=''>\n    \n    \n    \n                <div class='image_holder'>\n                <a itemprop='url' class='portfolio_link_for_touch' href='https:\/\/barcelonamoments.com\/ca\/portfolio_page\/museu-picasso-i-el-born\/' target='_self'>\n                    \n<span class='image'><img loading=\"lazy\" decoding=\"async\" width=\"800\" height=\"600\" src=\"https:\/\/barcelonamoments.com\/wp-content\/uploads\/2020\/07\/tour-picasso-800x600.jpg\" class=\"attachment-portfolio-landscape size-portfolio-landscape wp-post-image\" alt=\"\" \/><\/span>                <\/a>\n\n                <span class='text_holder'>\n    <span class='text_outer'>\n        <span class='text_inner'>\n            <div class=\"hover_feature_holder_title\">\n                <div class=\"hover_feature_holder_title_inner\">\n                    \n                        \n    <h5 itemprop=\"name\" class=\"portfolio_title entry_title\"><a itemprop=\"url\" href=\"https:\/\/barcelonamoments.com\/ca\/portfolio_page\/museu-picasso-i-el-born\/\" style=\"color: #ffffff\" target=\"_self\"> MUSEU PICASSO i el BORN<\/a><\/h5>\n\n\n                        \n                            <span class=\"project_category\"  >\n    Barcelona    <\/span>\n\n                                    <\/div>\n            <\/div>\n\n            \n        <\/span>\n    <\/span>\n<\/span>\n            <\/div>\n                    \n    \n<\/article>\n<article class='mix portfolio_category_43 default' style=''>\n    \n    \n    \n                <div class='image_holder'>\n                <a itemprop='url' class='portfolio_link_for_touch' href='https:\/\/barcelonamoments.com\/ca\/portfolio_page\/pablo-picasso-va-neixer-al-sud-despanya-a-malaga-pero-va-passar-la-seva-joventut-a-barcelona-sempre-va-tenir-una-gran-relacio-amb-la-ciutat-a-barcelona-va-fer-la-seva-primera-exposicio-i-anava-s\/' target='_self'>\n                    \n<span class='image'><img loading=\"lazy\" decoding=\"async\" width=\"800\" height=\"600\" src=\"https:\/\/barcelonamoments.com\/wp-content\/uploads\/2020\/07\/1-INICIO-2-800x600.jpg\" class=\"attachment-portfolio-landscape size-portfolio-landscape wp-post-image\" alt=\"\" \/><\/span>                <\/a>\n\n                <span class='text_holder'>\n    <span class='text_outer'>\n        <span class='text_inner'>\n            <div class=\"hover_feature_holder_title\">\n                <div class=\"hover_feature_holder_title_inner\">\n                    \n                        \n    <h5 itemprop=\"name\" class=\"portfolio_title entry_title\"><a itemprop=\"url\" href=\"https:\/\/barcelonamoments.com\/ca\/portfolio_page\/pablo-picasso-va-neixer-al-sud-despanya-a-malaga-pero-va-passar-la-seva-joventut-a-barcelona-sempre-va-tenir-una-gran-relacio-amb-la-ciutat-a-barcelona-va-fer-la-seva-primera-exposicio-i-anava-s\/\" style=\"color: #ffffff\" target=\"_self\"> MERCATS. TOUR GASTRON\u00d2MIC i LA RAMBLA<\/a><\/h5>\n\n\n                        \n                            <span class=\"project_category\"  >\n    Barcelona    <\/span>\n\n                                    <\/div>\n            <\/div>\n\n            \n        <\/span>\n    <\/span>\n<\/span>\n            <\/div>\n                    \n    \n<\/article>\n        <div class='filler'><\/div>\n            <div class='filler'><\/div>\n            <div class='filler'><\/div>\n        <\/div>\n\n    \n    <\/div><a  itemprop=\"url\" href=\"\/ca\/tours\/\" target=\"_self\" data-hover-background-color=\"#303030\" data-hover-border-color=\"#303030\" data-hover-color=\"#ffffff\" class=\"qbutton  medium center default\" style=\"color: #ffffff; border-color: #00c4cc; font-style: normal; font-weight: 700; border-radius: 0px;-moz-border-radius: 0px;-webkit-border-radius: 0px; background-color:#00c4cc;\">Veure m\u00e9s<\/a>[vc_empty_space height=&#8221;100px&#8221;][\/vc_column][\/vc_row][vc_row css_animation=&#8221;&#8221; row_type=&#8221;row&#8221; use_row_as_full_screen_section=&#8221;no&#8221; type=&#8221;full_width&#8221; angled_section=&#8221;no&#8221; text_align=&#8221;center&#8221; background_image_as_pattern=&#8221;without_pattern&#8221; css=&#8221;.vc_custom_1469779201332{background-color: #f5f5f5 !important;}&#8221;][vc_column][qode_elements_holder number_of_columns=&#8221;two_columns&#8221;][qode_elements_holder_item advanced_animations=&#8221;no&#8221; item_padding=&#8221;15.5% 13% 14% 13%&#8221; item_padding_1024_1280=&#8221;16% 5% 14.7% 5%&#8221; item_padding_768_1024=&#8221;16% 5% 14.7% 5%&#8221; item_padding_600_768=&#8221;8% 10% 8.7% 10%&#8221; item_padding_480_600=&#8221;18% 3% 14.7% 3%&#8221; item_padding_480=&#8221;18% 3% 14.7% 3%&#8221;][vc_column_text]<\/p>\n<h2>CONTACTA&#8217;NS<\/h2>\n<p>[\/vc_column_text][vc_empty_space height=&#8221;49px&#8221;][vc_column_text css=&#8221;.vc_custom_1596447268310{padding-right: 10% !important;padding-left: 10% !important;}&#8221;]<\/p>\n<h4>Tens algun dubte?<br \/>\nNecessites un tour fet a la teva mida?<\/h4>\n<h4>Escriu-nos i explica&#8217;ns que necessites, Barcelona Moments est\u00e0 encantat d&#8217;ajudar-te.<\/h4>\n<p>[\/vc_column_text][vc_empty_space height=&#8221;50px&#8221;]<a  itemprop=\"url\" href=\"\/ca\/contacte\/\" target=\"_self\" data-hover-background-color=\"#303030\" data-hover-border-color=\"#303030\" data-hover-color=\"#ffffff\" class=\"qbutton  center default\" style=\"color: #ffffff; border-color: #00c4cc; font-style: normal; font-weight: 700; margin: 0px; border-radius: 0px;-moz-border-radius: 0px;-webkit-border-radius: 0px; background-color:#00c4cc;\">Contacte amb nosaltres<\/a>[\/qode_elements_holder_item][qode_elements_holder_item vertical_alignment=&#8221;middle&#8221; advanced_animations=&#8221;no&#8221; item_padding=&#8221;0% 0% 0% 0%&#8221; item_padding_1024_1280=&#8221;0% 0% 0% 0%&#8221; item_padding_768_1024=&#8221;0% 0% 0% 0%&#8221; item_padding_600_768=&#8221;35% 0% 33% 0%&#8221; item_padding_480_600=&#8221;57% 0% 98% 0%&#8221; item_padding_480=&#8221;57% 0% 98% 0%&#8221; background_image=&#8221;758&#8243;][\/qode_elements_holder_item][\/qode_elements_holder][\/vc_column][\/vc_row]<\/p>\n<\/div>","protected":false},"excerpt":{"rendered":"<p>[vc_row css_animation=&#8221;&#8221; row_type=&#8221;row&#8221; use_row_as_full_screen_section=&#8221;no&#8221; type=&#8221;grid&#8221; angled_section=&#8221;no&#8221; text_align=&#8221;center&#8221; background_image_as_pattern=&#8221;without_pattern&#8221; css=&#8221;.vc_custom_1469779561636{padding-top: 4.95% !important;padding-bottom: 4.8% !important;}&#8221;][vc_column][vc_column_text] Barcelona Moments t&#8217;espera [\/vc_column_text][\/vc_column][\/vc_row][vc_row css_animation=&#8221;&#8221; row_type=&#8221;row&#8221; use_row_as_full_screen_section=&#8221;no&#8221; type=&#8221;grid&#8221; angled_section=&#8221;no&#8221; text_align=&#8221;center&#8221; background_image_as_pattern=&#8221;without_pattern&#8221; css=&#8221;.vc_custom_1468850660138{padding-bottom: 4.9% !important;}&#8221;][vc_column offset=&#8221;vc_col-lg-4 vc_col-md-4&#8243;][vc_single_image image=&#8221;745&#8243; img_size=&#8221;full&#8221; qode_css_animation=&#8221;&#8221;][vc_empty_space height=&#8221;35px&#8221;][vc_column_text] Sobre mi [\/vc_column_text][vc_empty_space height=&#8221;12px&#8221;][vc_column_text]El meu nom \u00e9s\u00a0Meritxell, vaig n\u00e9ixer i cr\u00e9ixer a&#8230;<\/p>\n","protected":false},"author":1,"featured_media":0,"parent":0,"menu_order":0,"comment_status":"closed","ping_status":"closed","template":"full_width.php","meta":{"footnotes":""},"class_list":["post-822","page","type-page","status-publish","hentry"],"_links":{"self":[{"href":"https:\/\/barcelonamoments.com\/ca\/wp-json\/wp\/v2\/pages\/822","targetHints":{"allow":["GET"]}}],"collection":[{"href":"https:\/\/barcelonamoments.com\/ca\/wp-json\/wp\/v2\/pages"}],"about":[{"href":"https:\/\/barcelonamoments.com\/ca\/wp-json\/wp\/v2\/types\/page"}],"author":[{"embeddable":true,"href":"https:\/\/barcelonamoments.com\/ca\/wp-json\/wp\/v2\/users\/1"}],"replies":[{"embeddable":true,"href":"https:\/\/barcelonamoments.com\/ca\/wp-json\/wp\/v2\/comments?post=822"}],"version-history":[{"count":12,"href":"https:\/\/barcelonamoments.com\/ca\/wp-json\/wp\/v2\/pages\/822\/revisions"}],"predecessor-version":[{"id":1361,"href":"https:\/\/barcelonamoments.com\/ca\/wp-json\/wp\/v2\/pages\/822\/revisions\/1361"}],"wp:attachment":[{"href":"https:\/\/barcelonamoments.com\/ca\/wp-json\/wp\/v2\/media?parent=822"}],"curies":[{"name":"wp","href":"https:\/\/api.w.org\/{rel}","templated":true}]}}